{"id":9349,"date":"2022-01-13T16:47:20","date_gmt":"2022-01-14T00:47:20","guid":{"rendered":"https:\/\/shop.happydaysdairy.ca\/product\/daily-enhancer\/"},"modified":"2025-03-18T20:50:43","modified_gmt":"2025-03-19T03:50:43","slug":"daily-enhancer-fr-ca","status":"publish","type":"product","link":"https:\/\/shop.happydaysdairy.ca\/fr-ca\/produit\/daily-enhancer-fr-ca\/","title":{"rendered":"Lait en poudre de ch\u00e8vre Daily Enhancer"},"content":{"rendered":"<p>Un compl\u00e9ment probiotique et digestif pour chats et chiens. Le lait de ch\u00e8vre est extr\u00eamement facile \u00e0 dig\u00e9rer. Il a \u00e9t\u00e9 d\u00e9montr\u00e9 qu&rsquo;il aide \u00e0 lutter contre les probl\u00e8mes digestifs et les allergies cutan\u00e9es. Le lait de ch\u00e8vre regorge de vitamines, de min\u00e9raux, d&rsquo;acides gras et d&rsquo;enzymes essentiels.<br \/>\nDaily Enhancer est un m\u00e9lange unique des meilleurs ingr\u00e9dients pour am\u00e9liorer la sant\u00e9 de votre animal. Amusant comme garniture au lait ou comme friandise glac\u00e9e, c&rsquo;est une fa\u00e7on nutritive d&rsquo;encourager les mangeurs difficiles.Riche en calcium, en vitamine A et en acides gras om\u00e9ga 3. Propri\u00e9t\u00e9s anti-inflammatoires, bonnes pour la sant\u00e9 des articulations et stimulantes du syst\u00e8me immunitaire. Ce produit contient lactose.<\/p>\n<ul>\n<li>Jaune d&rsquo;\u0153uf charg\u00e9 de vitamines et d&rsquo;acides gras om\u00e9ga 3<\/li>\n<li>La cannelle comme anti-inflammatoire<\/li>\n<li>Membrane de coquille d&rsquo;\u0153uf pour la sant\u00e9 des articulations<\/li>\n<li>Gingembre pour aider \u00e0 la digestion<\/li>\n<li>Camomille pour se d\u00e9tendre<\/li>\n<li>La brom\u00e9la\u00efne comme anti-inflammatoire<\/li>\n<li>Bifidobacterium animalis am\u00e9liore la digestion<\/li>\n<li>La papa\u00efne r\u00e9duit la douleur et l&rsquo;inflammation<\/li>\n<li>L. Th\u00e9anine renforce le syst\u00e8me immunitaire probiotique<\/li>\n<li>Bifidibacterium Longum aid la flore intestinale<\/li>\n<\/ul>\n","protected":false},"excerpt":{"rendered":"<p>Un compl\u00e9ment probiotique et digestif pour chats et chiens. Le lait de ch\u00e8vre est extr\u00eamement facile \u00e0 dig\u00e9rer. Il a \u00e9t\u00e9 d\u00e9montr\u00e9 qu&rsquo;il aide \u00e0 lutter contre les probl\u00e8mes digestifs et les allergies cutan\u00e9es. Le lait de ch\u00e8vre regorge de vitamines, de min\u00e9raux, d&rsquo;acides gras et d&rsquo;enzymes essentiels. Daily Enhancer est un m\u00e9lange unique des [&hellip;]<\/p>\n","protected":false},"featured_media":9355,"template":"","meta":{"inline_featured_image":false},"product_brand":[],"product_cat":[95],"product_tag":[],"class_list":{"0":"post-9349","1":"product","2":"type-product","3":"status-publish","4":"has-post-thumbnail","6":"product_cat-pet-fr-ca","8":"first","9":"instock","10":"taxable","11":"shipping-taxable","12":"purchasable","13":"product-type-simple"},"aioseo_notices":[],"_links":{"self":[{"href":"https:\/\/shop.happydaysdairy.ca\/fr-ca\/wp-json\/wp\/v2\/product\/9349","targetHints":{"allow":["GET"]}}],"collection":[{"href":"https:\/\/shop.happydaysdairy.ca\/fr-ca\/wp-json\/wp\/v2\/product"}],"about":[{"href":"https:\/\/shop.happydaysdairy.ca\/fr-ca\/wp-json\/wp\/v2\/types\/product"}],"wp:featuredmedia":[{"embeddable":true,"href":"https:\/\/shop.happydaysdairy.ca\/fr-ca\/wp-json\/wp\/v2\/media\/9355"}],"wp:attachment":[{"href":"https:\/\/shop.happydaysdairy.ca\/fr-ca\/wp-json\/wp\/v2\/media?parent=9349"}],"wp:term":[{"taxonomy":"product_brand","embeddable":true,"href":"https:\/\/shop.happydaysdairy.ca\/fr-ca\/wp-json\/wp\/v2\/product_brand?post=9349"},{"taxonomy":"product_cat","embeddable":true,"href":"https:\/\/shop.happydaysdairy.ca\/fr-ca\/wp-json\/wp\/v2\/product_cat?post=9349"},{"taxonomy":"product_tag","embeddable":true,"href":"https:\/\/shop.happydaysdairy.ca\/fr-ca\/wp-json\/wp\/v2\/product_tag?post=9349"}],"curies":[{"name":"wp","href":"https:\/\/api.w.org\/{rel}","templated":true}]}}