{"id":9347,"date":"2022-01-13T18:25:47","date_gmt":"2022-01-13T18:25:47","guid":{"rendered":"https:\/\/shop.happydaysdairy.ca\/product\/goat-milk-powder-1kg\/"},"modified":"2025-03-18T21:19:08","modified_gmt":"2025-03-19T04:19:08","slug":"goat-milk-powder-1kg-fr-ca","status":"publish","type":"product","link":"https:\/\/shop.happydaysdairy.ca\/fr-ca\/produit\/goat-milk-powder-1kg-fr-ca\/","title":{"rendered":"Lait de ch\u00e8vre en poudre (1kg)"},"content":{"rendered":"<p><strong>Poids :<\/strong> 1 kg<\/p>\n<p>Le lait de ch\u00e8vre en poudre Happy Days est l&rsquo;alternative parfaite au lait de ch\u00e8vre frais, avec tous les m\u00eames avantages :<\/p>\n<ul>\n<li>Facile \u00e0 dig\u00e9rer<\/li>\n<li>Faible allerg\u00e8ne gr\u00e2ce \u00e0 la prot\u00e9ine A2 et \u00e0 la faible teneur en lactose<\/li>\n<li>100% naturel<\/li>\n<li>Peu trait\u00e9<\/li>\n<li>Aucun ingr\u00e9dient<\/li>\n<li>Id\u00e9al pour les enfants, car il est plus proche du lait maternel que du lait de vache ou des laits v\u00e9g\u00e9taux.<\/li>\n<li>Produit sans antibiotiques ni hormones de croissance<\/li>\n<li>Excellente alternative aux laits v\u00e9g\u00e9taux hautement transform\u00e9s<\/li>\n<li>Contient l&rsquo;\u00e9quilibre parfait entre les macronutriments (lipides, prot\u00e9ines, glucides) et les micronutriments (vitamines et min\u00e9raux)<\/li>\n<li>Longue dur\u00e9e de conservation et id\u00e9al pour voyager<\/li>\n<\/ul>\n<p>Nous transportons d\u00e9sormais un sac en vrac de 10 kg de lait de ch\u00e8vre instantan\u00e9 en poudre. En commandant cette taille, vous \u00e9conomisez 10 % !<br \/>\nPour combiner, ajoutez simplement 1 tasse d&rsquo;eau ti\u00e8de \u00e0 3 cuill\u00e8res \u00e0 soupe de lait de ch\u00e8vre en poudre et laissez reposer pendant un moment pour se dissoudre, en remuant de temps en temps. 1 kg de poudre de lait de ch\u00e8vre donne 8 L de lait de ch\u00e8vre liquid.<\/p>\n","protected":false},"excerpt":{"rendered":"<p>The economical choice, perfect to combine into a formula for feeding infants and toddlers, to take traveling, for use in baking, shakes, soap, for emergency storage and rural residents with availability issues. Goat milk powder is great to have on hand if you just happen to run out of milk and can&rsquo;t make it to the store. Our powder is a huge hit with parents travelling overseas who want to ensure their children have a reliable and high quality source of goat milk.<\/p>\n","protected":false},"featured_media":9488,"template":"","meta":{"inline_featured_image":false},"product_brand":[],"product_cat":[94],"product_tag":[99,98,110,101],"class_list":{"0":"post-9347","1":"product","2":"type-product","3":"status-publish","4":"has-post-thumbnail","6":"product_cat-human-fr-ca","7":"product_tag-goat-milk-fr-ca","8":"product_tag-goat-milk-powder-fr-ca","9":"product_tag-nutrition-fr-ca","10":"product_tag-milk-powder-fr-ca","12":"first","13":"instock","14":"taxable","15":"shipping-taxable","16":"purchasable","17":"product-type-simple"},"_links":{"self":[{"href":"https:\/\/shop.happydaysdairy.ca\/fr-ca\/wp-json\/wp\/v2\/product\/9347","targetHints":{"allow":["GET"]}}],"collection":[{"href":"https:\/\/shop.happydaysdairy.ca\/fr-ca\/wp-json\/wp\/v2\/product"}],"about":[{"href":"https:\/\/shop.happydaysdairy.ca\/fr-ca\/wp-json\/wp\/v2\/types\/product"}],"wp:featuredmedia":[{"embeddable":true,"href":"https:\/\/shop.happydaysdairy.ca\/fr-ca\/wp-json\/wp\/v2\/media\/9488"}],"wp:attachment":[{"href":"https:\/\/shop.happydaysdairy.ca\/fr-ca\/wp-json\/wp\/v2\/media?parent=9347"}],"wp:term":[{"taxonomy":"product_brand","embeddable":true,"href":"https:\/\/shop.happydaysdairy.ca\/fr-ca\/wp-json\/wp\/v2\/product_brand?post=9347"},{"taxonomy":"product_cat","embeddable":true,"href":"https:\/\/shop.happydaysdairy.ca\/fr-ca\/wp-json\/wp\/v2\/product_cat?post=9347"},{"taxonomy":"product_tag","embeddable":true,"href":"https:\/\/shop.happydaysdairy.ca\/fr-ca\/wp-json\/wp\/v2\/product_tag?post=9347"}],"curies":[{"name":"wp","href":"https:\/\/api.w.org\/{rel}","templated":true}]}}