{"id":9338,"date":"2024-07-22T03:42:37","date_gmt":"2024-07-22T10:42:37","guid":{"rendered":"https:\/\/shop.happydaysdairy.ca\/product\/happy-days-branded-silicone-freezer-tray\/"},"modified":"2025-03-18T23:47:16","modified_gmt":"2025-03-19T06:47:16","slug":"happy-days-branded-silicone-freezer-tray-fr-ca","status":"publish","type":"product","link":"https:\/\/shop.happydaysdairy.ca\/fr-ca\/produit\/happy-days-branded-silicone-freezer-tray-fr-ca\/","title":{"rendered":"Plateau de cong\u00e9lation en silicone de marque Happy Days"},"content":{"rendered":"<p>Ce plateau de cong\u00e9lation amusant est livr\u00e9 avec un couvercle qui \u00e9vite de renverser le produit et le maintient super propre. Il y a des fentes dans le couvercle pour que vous puissiez ajouter un b\u00e2tonnet de glace \u00e0 votre friandise glac\u00e9e. Parfait pour congeler notre K\u00e9fir de Ch\u00e8vre et notre yogourt de Ch\u00e8vre. Pr\u00e9parez de la nourriture amusante et partagez-la sur les r\u00e9seaux sociaux.<\/p>\n","protected":false},"excerpt":{"rendered":"<p>Ce plateau de cong\u00e9lation amusant est livr\u00e9 avec un couvercle qui \u00e9vite de renverser le produit et le maintient super propre. Il y a des fentes dans le couvercle pour que vous puissiez ajouter un b\u00e2tonnet de glace \u00e0 votre friandise glac\u00e9e. Parfait pour congeler notre K\u00e9fir de Ch\u00e8vre et notre yogourt de Ch\u00e8vre. Pr\u00e9parez [&hellip;]<\/p>\n","protected":false},"featured_media":9339,"template":"","meta":{"inline_featured_image":false},"product_brand":[],"product_cat":[95],"product_tag":[],"class_list":{"0":"post-9338","1":"product","2":"type-product","3":"status-publish","4":"has-post-thumbnail","6":"product_cat-pet-fr-ca","8":"first","9":"instock","10":"taxable","11":"shipping-taxable","12":"purchasable","13":"product-type-simple"},"aioseo_notices":[],"_links":{"self":[{"href":"https:\/\/shop.happydaysdairy.ca\/fr-ca\/wp-json\/wp\/v2\/product\/9338","targetHints":{"allow":["GET"]}}],"collection":[{"href":"https:\/\/shop.happydaysdairy.ca\/fr-ca\/wp-json\/wp\/v2\/product"}],"about":[{"href":"https:\/\/shop.happydaysdairy.ca\/fr-ca\/wp-json\/wp\/v2\/types\/product"}],"wp:featuredmedia":[{"embeddable":true,"href":"https:\/\/shop.happydaysdairy.ca\/fr-ca\/wp-json\/wp\/v2\/media\/9339"}],"wp:attachment":[{"href":"https:\/\/shop.happydaysdairy.ca\/fr-ca\/wp-json\/wp\/v2\/media?parent=9338"}],"wp:term":[{"taxonomy":"product_brand","embeddable":true,"href":"https:\/\/shop.happydaysdairy.ca\/fr-ca\/wp-json\/wp\/v2\/product_brand?post=9338"},{"taxonomy":"product_cat","embeddable":true,"href":"https:\/\/shop.happydaysdairy.ca\/fr-ca\/wp-json\/wp\/v2\/product_cat?post=9338"},{"taxonomy":"product_tag","embeddable":true,"href":"https:\/\/shop.happydaysdairy.ca\/fr-ca\/wp-json\/wp\/v2\/product_tag?post=9338"}],"curies":[{"name":"wp","href":"https:\/\/api.w.org\/{rel}","templated":true}]}}