{"id":9328,"date":"2024-10-10T11:46:52","date_gmt":"2024-10-10T18:46:52","guid":{"rendered":"https:\/\/shop.happydaysdairy.ca\/product\/milk-n-cookies\/"},"modified":"2025-03-18T23:40:59","modified_gmt":"2025-03-19T06:40:59","slug":"milk-n-cookies-fr-ca","status":"publish","type":"product","link":"https:\/\/shop.happydaysdairy.ca\/fr-ca\/produit\/milk-n-cookies-fr-ca\/","title":{"rendered":"Lait et  Cookies (taille d&rsquo;une friandise d&rsquo;entra\u00eenement)"},"content":{"rendered":"<p>Nos biscuits au lait de ch\u00e8vre sont fabriqu\u00e9s \u00e0 partir d&rsquo;ingr\u00e9dients enti\u00e8rement naturels.<\/p>\n<p><strong>Lait de ch\u00e8vre :<\/strong> facile \u00e0 dig\u00e9rer, excellent pour la peau et le pelage et renforce le syst\u00e8me immunitaire<br \/>\n<strong>Orge crue :<\/strong> Cette orge a la coque, est pleine de fibres et favorise la sant\u00e9 digestive.<br \/>\n<strong>Avoine :<\/strong> contient du fer, du zinc, des vitamines B et des fibres solubles. favorise la digestion et la gestion du poids.<br \/>\n<strong>Oeuf entier :<\/strong> prot\u00e9ines, acides gras, vitamines qui profitent \u00e0 votre chien dans son ensemble<br \/>\n<strong>Huile d\u2019olive :<\/strong> c\u2019est une source de graisses monoinsatur\u00e9es saines, qui favorisent la sant\u00e9 globale et un pelage brillant.<br \/>\n<strong>Beurre de cacahu\u00e8te :<\/strong> nous utilisons du beurre de cacahu\u00e8te sans xylitol, riche en graisses saines, en vitamine B et en niacine. Il peut favoriser la sant\u00e9 oculaire et aider \u00e0 r\u00e9guler le m\u00e9tabolisme des graisses.<\/p>\n<p><strong>Disponible en deux tailles de friandises :<\/strong> G\u00e2terie en forme d\u2019os moyen, Petite taille de friandise d\u2019entra\u00eenement.<\/p>\n","protected":false},"excerpt":{"rendered":"<p>Nos biscuits au lait de ch\u00e8vre sont fabriqu\u00e9s \u00e0 partir d&rsquo;ingr\u00e9dients enti\u00e8rement naturels. Lait de ch\u00e8vre : facile \u00e0 dig\u00e9rer, excellent pour la peau et le pelage et renforce le syst\u00e8me immunitaire Orge crue : Cette orge a la coque, est pleine de fibres et favorise la sant\u00e9 digestive. Avoine : contient du fer, du [&hellip;]<\/p>\n","protected":false},"featured_media":8886,"template":"","meta":{"inline_featured_image":false},"product_brand":[],"product_cat":[95],"product_tag":[],"class_list":{"0":"post-9328","1":"product","2":"type-product","3":"status-publish","4":"has-post-thumbnail","6":"product_cat-pet-fr-ca","8":"first","9":"instock","10":"taxable","11":"shipping-taxable","12":"purchasable","13":"product-type-simple"},"_links":{"self":[{"href":"https:\/\/shop.happydaysdairy.ca\/fr-ca\/wp-json\/wp\/v2\/product\/9328","targetHints":{"allow":["GET"]}}],"collection":[{"href":"https:\/\/shop.happydaysdairy.ca\/fr-ca\/wp-json\/wp\/v2\/product"}],"about":[{"href":"https:\/\/shop.happydaysdairy.ca\/fr-ca\/wp-json\/wp\/v2\/types\/product"}],"wp:featuredmedia":[{"embeddable":true,"href":"https:\/\/shop.happydaysdairy.ca\/fr-ca\/wp-json\/wp\/v2\/media\/8886"}],"wp:attachment":[{"href":"https:\/\/shop.happydaysdairy.ca\/fr-ca\/wp-json\/wp\/v2\/media?parent=9328"}],"wp:term":[{"taxonomy":"product_brand","embeddable":true,"href":"https:\/\/shop.happydaysdairy.ca\/fr-ca\/wp-json\/wp\/v2\/product_brand?post=9328"},{"taxonomy":"product_cat","embeddable":true,"href":"https:\/\/shop.happydaysdairy.ca\/fr-ca\/wp-json\/wp\/v2\/product_cat?post=9328"},{"taxonomy":"product_tag","embeddable":true,"href":"https:\/\/shop.happydaysdairy.ca\/fr-ca\/wp-json\/wp\/v2\/product_tag?post=9328"}],"curies":[{"name":"wp","href":"https:\/\/api.w.org\/{rel}","templated":true}]}}