{"id":9326,"date":"2024-11-12T21:03:53","date_gmt":"2024-11-13T05:03:53","guid":{"rendered":"https:\/\/shop.happydaysdairy.ca\/product\/plain-goat-milk-powder\/"},"modified":"2025-03-18T23:46:02","modified_gmt":"2025-03-19T06:46:02","slug":"plain-goat-milk-powder-fr-ca","status":"publish","type":"product","link":"https:\/\/shop.happydaysdairy.ca\/fr-ca\/produit\/plain-goat-milk-powder-fr-ca\/","title":{"rendered":"Lait en poudre de ch\u00e8vre naturel"},"content":{"rendered":"<p>Lait de ch\u00e8vre en poudre au go\u00fbt pur avec probiotiques et enzymes digestives.<\/p>\n<p>250g, fait 10 tasses de lait.<\/p>\n<p><strong>Suggestion d&rsquo;alimentation :<\/strong><br \/>\n<strong>Grande race :<\/strong> 1 tasse\/jour<br \/>\n<strong>Race moyenne :<\/strong> 1\/2 tasse par jour<br \/>\n<strong>Petites races :<\/strong> \u00bc tasse\/jour<\/p>\n","protected":false},"excerpt":{"rendered":"<p>Lait de ch\u00e8vre en poudre au go\u00fbt pur avec probiotiques et enzymes digestives. 250g, fait 10 tasses de lait. Suggestion d&rsquo;alimentation : Grande race : 1 tasse\/jour Race moyenne : 1\/2 tasse par jour Petites races : \u00bc tasse\/jour<\/p>\n","protected":false},"featured_media":9090,"template":"","meta":{"inline_featured_image":false},"product_brand":[],"product_cat":[95],"product_tag":[],"class_list":{"0":"post-9326","1":"product","2":"type-product","3":"status-publish","4":"has-post-thumbnail","6":"product_cat-pet-fr-ca","8":"first","9":"instock","10":"taxable","11":"shipping-taxable","12":"purchasable","13":"product-type-simple"},"aioseo_notices":[],"_links":{"self":[{"href":"https:\/\/shop.happydaysdairy.ca\/fr-ca\/wp-json\/wp\/v2\/product\/9326","targetHints":{"allow":["GET"]}}],"collection":[{"href":"https:\/\/shop.happydaysdairy.ca\/fr-ca\/wp-json\/wp\/v2\/product"}],"about":[{"href":"https:\/\/shop.happydaysdairy.ca\/fr-ca\/wp-json\/wp\/v2\/types\/product"}],"wp:featuredmedia":[{"embeddable":true,"href":"https:\/\/shop.happydaysdairy.ca\/fr-ca\/wp-json\/wp\/v2\/media\/9090"}],"wp:attachment":[{"href":"https:\/\/shop.happydaysdairy.ca\/fr-ca\/wp-json\/wp\/v2\/media?parent=9326"}],"wp:term":[{"taxonomy":"product_brand","embeddable":true,"href":"https:\/\/shop.happydaysdairy.ca\/fr-ca\/wp-json\/wp\/v2\/product_brand?post=9326"},{"taxonomy":"product_cat","embeddable":true,"href":"https:\/\/shop.happydaysdairy.ca\/fr-ca\/wp-json\/wp\/v2\/product_cat?post=9326"},{"taxonomy":"product_tag","embeddable":true,"href":"https:\/\/shop.happydaysdairy.ca\/fr-ca\/wp-json\/wp\/v2\/product_tag?post=9326"}],"curies":[{"name":"wp","href":"https:\/\/api.w.org\/{rel}","templated":true}]}}