{"id":9323,"date":"2024-11-12T21:11:00","date_gmt":"2024-11-13T05:11:00","guid":{"rendered":"https:\/\/shop.happydaysdairy.ca\/product\/goat-milk-powder-with-pumpkin-and-carrots\/"},"modified":"2025-03-18T22:19:21","modified_gmt":"2025-03-19T05:19:21","slug":"goat-milk-powder-with-pumpkin-and-carrots-fr-ca","status":"publish","type":"product","link":"https:\/\/shop.happydaysdairy.ca\/fr-ca\/produit\/goat-milk-powder-with-pumpkin-and-carrots-fr-ca\/","title":{"rendered":"Lait de ch\u00e8vre en poudre au potiron et carottes"},"content":{"rendered":"<p>La citrouille contient des fibres solubles qui facilitent la digestion de plusieurs mani\u00e8res.<br \/>\nLes carottes sont riches en vitamine A, qui favorise la sant\u00e9 oculaire et renforce \u00e9galement le syst\u00e8me immunitaire global.<br \/>\n250g, fait 10 tasses de lait.<\/p>\n<p><strong>Suggestion d&rsquo;alimentation :<\/strong><br \/>\n<strong>Grande race :<\/strong> 1 tasse\/jour<br \/>\n<strong>Race moyenne :<\/strong> 1\/2 tasse par jour<br \/>\n<strong>Petites races :<\/strong> \u00bc tasse\/jour<\/p>\n","protected":false},"excerpt":{"rendered":"<p>La citrouille contient des fibres solubles qui facilitent la digestion de plusieurs mani\u00e8res. Les carottes sont riches en vitamine A, qui favorise la sant\u00e9 oculaire et renforce \u00e9galement le syst\u00e8me immunitaire global. 250g, fait 10 tasses de lait. Suggestion d&rsquo;alimentation : Grande race : 1 tasse\/jour Race moyenne : 1\/2 tasse par jour Petites races [&hellip;]<\/p>\n","protected":false},"featured_media":9094,"template":"","meta":{"inline_featured_image":false},"product_brand":[],"product_cat":[95],"product_tag":[],"class_list":{"0":"post-9323","1":"product","2":"type-product","3":"status-publish","4":"has-post-thumbnail","6":"product_cat-pet-fr-ca","8":"first","9":"instock","10":"taxable","11":"shipping-taxable","12":"purchasable","13":"product-type-simple"},"aioseo_notices":[],"_links":{"self":[{"href":"https:\/\/shop.happydaysdairy.ca\/fr-ca\/wp-json\/wp\/v2\/product\/9323","targetHints":{"allow":["GET"]}}],"collection":[{"href":"https:\/\/shop.happydaysdairy.ca\/fr-ca\/wp-json\/wp\/v2\/product"}],"about":[{"href":"https:\/\/shop.happydaysdairy.ca\/fr-ca\/wp-json\/wp\/v2\/types\/product"}],"wp:featuredmedia":[{"embeddable":true,"href":"https:\/\/shop.happydaysdairy.ca\/fr-ca\/wp-json\/wp\/v2\/media\/9094"}],"wp:attachment":[{"href":"https:\/\/shop.happydaysdairy.ca\/fr-ca\/wp-json\/wp\/v2\/media?parent=9323"}],"wp:term":[{"taxonomy":"product_brand","embeddable":true,"href":"https:\/\/shop.happydaysdairy.ca\/fr-ca\/wp-json\/wp\/v2\/product_brand?post=9323"},{"taxonomy":"product_cat","embeddable":true,"href":"https:\/\/shop.happydaysdairy.ca\/fr-ca\/wp-json\/wp\/v2\/product_cat?post=9323"},{"taxonomy":"product_tag","embeddable":true,"href":"https:\/\/shop.happydaysdairy.ca\/fr-ca\/wp-json\/wp\/v2\/product_tag?post=9323"}],"curies":[{"name":"wp","href":"https:\/\/api.w.org\/{rel}","templated":true}]}}