{"id":9322,"date":"2024-11-12T21:12:37","date_gmt":"2024-11-13T05:12:37","guid":{"rendered":"https:\/\/shop.happydaysdairy.ca\/product\/goat-milk-powder-with-elk-antler-velvet\/"},"modified":"2025-03-18T21:39:50","modified_gmt":"2025-03-19T04:39:50","slug":"goat-milk-powder-with-elk-antler-velvet-fr-ca","status":"publish","type":"product","link":"https:\/\/shop.happydaysdairy.ca\/fr-ca\/produit\/goat-milk-powder-with-elk-antler-velvet-fr-ca\/","title":{"rendered":"Lait de ch\u00e8vre en poudre avec velours de wapiti"},"content":{"rendered":"<p>Le bois d&rsquo;\u00e9lan favorise la sant\u00e9 des articulations, l&rsquo;\u00e9nergie et la vitalit\u00e9. Il prend \u00e9galement en charge le temps de r\u00e9cup\u00e9ration apr\u00e8s une activit\u00e9.<br \/>\n250g, fait 10 tasses de lait.<\/p>\n<p><strong>Suggestion d&rsquo;alimentation :<\/strong><br \/>\n<strong>Grande race :<\/strong> 1 tasse\/jour<br \/>\n<strong>Race moyenne :<\/strong> 1\/2 tasse par jour<br \/>\n<strong>Petites races :<\/strong> \u00bc tasse\/jour<\/p>\n","protected":false},"excerpt":{"rendered":"<p>Le bois d&rsquo;\u00e9lan favorise la sant\u00e9 des articulations, l&rsquo;\u00e9nergie et la vitalit\u00e9. Il prend \u00e9galement en charge le temps de r\u00e9cup\u00e9ration apr\u00e8s une activit\u00e9. 250g, fait 10 tasses de lait. Suggestion d&rsquo;alimentation : Grande race : 1 tasse\/jour Race moyenne : 1\/2 tasse par jour Petites races : \u00bc tasse\/jour<\/p>\n","protected":false},"featured_media":9088,"template":"","meta":{"inline_featured_image":false},"product_brand":[],"product_cat":[95],"product_tag":[],"class_list":{"0":"post-9322","1":"product","2":"type-product","3":"status-publish","4":"has-post-thumbnail","6":"product_cat-pet-fr-ca","8":"first","9":"instock","10":"taxable","11":"shipping-taxable","12":"purchasable","13":"product-type-simple"},"aioseo_notices":[],"_links":{"self":[{"href":"https:\/\/shop.happydaysdairy.ca\/fr-ca\/wp-json\/wp\/v2\/product\/9322","targetHints":{"allow":["GET"]}}],"collection":[{"href":"https:\/\/shop.happydaysdairy.ca\/fr-ca\/wp-json\/wp\/v2\/product"}],"about":[{"href":"https:\/\/shop.happydaysdairy.ca\/fr-ca\/wp-json\/wp\/v2\/types\/product"}],"wp:featuredmedia":[{"embeddable":true,"href":"https:\/\/shop.happydaysdairy.ca\/fr-ca\/wp-json\/wp\/v2\/media\/9088"}],"wp:attachment":[{"href":"https:\/\/shop.happydaysdairy.ca\/fr-ca\/wp-json\/wp\/v2\/media?parent=9322"}],"wp:term":[{"taxonomy":"product_brand","embeddable":true,"href":"https:\/\/shop.happydaysdairy.ca\/fr-ca\/wp-json\/wp\/v2\/product_brand?post=9322"},{"taxonomy":"product_cat","embeddable":true,"href":"https:\/\/shop.happydaysdairy.ca\/fr-ca\/wp-json\/wp\/v2\/product_cat?post=9322"},{"taxonomy":"product_tag","embeddable":true,"href":"https:\/\/shop.happydaysdairy.ca\/fr-ca\/wp-json\/wp\/v2\/product_tag?post=9322"}],"curies":[{"name":"wp","href":"https:\/\/api.w.org\/{rel}","templated":true}]}}