{"id":9321,"date":"2024-11-12T21:14:21","date_gmt":"2024-11-13T05:14:21","guid":{"rendered":"https:\/\/shop.happydaysdairy.ca\/product\/goat-milk-powder-with-phytocannabinoid-rich-hemp-oil\/"},"modified":"2025-03-18T20:55:56","modified_gmt":"2025-03-19T03:55:56","slug":"goat-milk-powder-with-phytocannabinoid-rich-hemp-oil-fr-ca","status":"publish","type":"product","link":"https:\/\/shop.happydaysdairy.ca\/fr-ca\/produit\/goat-milk-powder-with-phytocannabinoid-rich-hemp-oil-fr-ca\/","title":{"rendered":"Lait de ch\u00e8vre en poudre avec huile de chanvre riche en phytocannabino\u00efdes"},"content":{"rendered":"<p>Favorise des articulations et une digestion saines, mais est \u00e9galement connu pour aider \u00e0 soulager l\u2019anxi\u00e9t\u00e9, la douleur et le soutien en fin de vie.<br \/>\n250g, fait 10 tasses de lait.<\/p>\n<p><strong>Suggestion d&rsquo;alimentation :<\/strong><br \/>\n<strong>Grande race :<\/strong> 1 tasse\/jour<br \/>\n<strong>Race moyenne :<\/strong> 1\/2 tasse par jour<br \/>\n<strong>Petites races :<\/strong> \u00bc tasse\/jour<\/p>\n","protected":false},"excerpt":{"rendered":"<p>Favorise des articulations et une digestion saines, mais est \u00e9galement connu pour aider \u00e0 soulager l\u2019anxi\u00e9t\u00e9, la douleur et le soutien en fin de vie. 250g, fait 10 tasses de lait. Suggestion d&rsquo;alimentation : Grande race : 1 tasse\/jour Race moyenne : 1\/2 tasse par jour Petites races : \u00bc tasse\/jour<\/p>\n","protected":false},"featured_media":9098,"template":"","meta":{"inline_featured_image":false},"product_brand":[],"product_cat":[95],"product_tag":[],"class_list":{"0":"post-9321","1":"product","2":"type-product","3":"status-publish","4":"has-post-thumbnail","6":"product_cat-pet-fr-ca","8":"first","9":"instock","10":"taxable","11":"shipping-taxable","12":"purchasable","13":"product-type-simple"},"aioseo_notices":[],"_links":{"self":[{"href":"https:\/\/shop.happydaysdairy.ca\/fr-ca\/wp-json\/wp\/v2\/product\/9321","targetHints":{"allow":["GET"]}}],"collection":[{"href":"https:\/\/shop.happydaysdairy.ca\/fr-ca\/wp-json\/wp\/v2\/product"}],"about":[{"href":"https:\/\/shop.happydaysdairy.ca\/fr-ca\/wp-json\/wp\/v2\/types\/product"}],"wp:featuredmedia":[{"embeddable":true,"href":"https:\/\/shop.happydaysdairy.ca\/fr-ca\/wp-json\/wp\/v2\/media\/9098"}],"wp:attachment":[{"href":"https:\/\/shop.happydaysdairy.ca\/fr-ca\/wp-json\/wp\/v2\/media?parent=9321"}],"wp:term":[{"taxonomy":"product_brand","embeddable":true,"href":"https:\/\/shop.happydaysdairy.ca\/fr-ca\/wp-json\/wp\/v2\/product_brand?post=9321"},{"taxonomy":"product_cat","embeddable":true,"href":"https:\/\/shop.happydaysdairy.ca\/fr-ca\/wp-json\/wp\/v2\/product_cat?post=9321"},{"taxonomy":"product_tag","embeddable":true,"href":"https:\/\/shop.happydaysdairy.ca\/fr-ca\/wp-json\/wp\/v2\/product_tag?post=9321"}],"curies":[{"name":"wp","href":"https:\/\/api.w.org\/{rel}","templated":true}]}}