{"id":10872,"date":"2026-04-14T19:21:48","date_gmt":"2026-04-15T02:21:48","guid":{"rendered":"https:\/\/shop.happydaysdairy.ca\/?post_type=product&#038;p=10872"},"modified":"2026-04-16T17:55:05","modified_gmt":"2026-04-17T00:55:05","slug":"le-lait-de-chevre-en-poudre-happy-days-lot-de-12-sachets-de-28-g","status":"publish","type":"product","link":"https:\/\/shop.happydaysdairy.ca\/fr-ca\/produit\/le-lait-de-chevre-en-poudre-happy-days-lot-de-12-sachets-de-28-g\/","title":{"rendered":"Le lait de ch\u00e8vre en poudre Happy Days &#8211; Lot de 12 sachets de 28 g"},"content":{"rendered":"<p><i>Bo\u00eete de 12 x 28g. Le lait de ch\u00e8vre en poudre Happy Days est l\u2019alternative parfaite au lait de ch\u00e8vre frais, avec tous les m\u00eames avantages.\u00a0<\/i><i><span lang=\"FR\">Un sachet (28 g) permet de pr\u00e9parer une tasse de lait.<\/span><\/i><\/p>\n","protected":false},"excerpt":{"rendered":"<p>Bo\u00eete de 12 x 28g. Le lait de ch\u00e8vre en poudre Happy Days est l\u2019alternative parfaite au lait de ch\u00e8vre frais, avec tous les m\u00eames avantages.\u00a0Un sachet (28 g) permet de pr\u00e9parer une tasse de lait.<\/p>\n","protected":false},"featured_media":10853,"template":"","meta":{"inline_featured_image":false},"product_brand":[],"product_cat":[94],"product_tag":[99,98,101],"class_list":{"0":"post-10872","1":"product","2":"type-product","3":"status-publish","4":"has-post-thumbnail","6":"product_cat-human-fr-ca","7":"product_tag-goat-milk-fr-ca","8":"product_tag-goat-milk-powder-fr-ca","9":"product_tag-milk-powder-fr-ca","11":"first","12":"instock","13":"taxable","14":"shipping-taxable","15":"purchasable","16":"product-type-simple"},"aioseo_notices":[],"_links":{"self":[{"href":"https:\/\/shop.happydaysdairy.ca\/fr-ca\/wp-json\/wp\/v2\/product\/10872","targetHints":{"allow":["GET"]}}],"collection":[{"href":"https:\/\/shop.happydaysdairy.ca\/fr-ca\/wp-json\/wp\/v2\/product"}],"about":[{"href":"https:\/\/shop.happydaysdairy.ca\/fr-ca\/wp-json\/wp\/v2\/types\/product"}],"wp:featuredmedia":[{"embeddable":true,"href":"https:\/\/shop.happydaysdairy.ca\/fr-ca\/wp-json\/wp\/v2\/media\/10853"}],"wp:attachment":[{"href":"https:\/\/shop.happydaysdairy.ca\/fr-ca\/wp-json\/wp\/v2\/media?parent=10872"}],"wp:term":[{"taxonomy":"product_brand","embeddable":true,"href":"https:\/\/shop.happydaysdairy.ca\/fr-ca\/wp-json\/wp\/v2\/product_brand?post=10872"},{"taxonomy":"product_cat","embeddable":true,"href":"https:\/\/shop.happydaysdairy.ca\/fr-ca\/wp-json\/wp\/v2\/product_cat?post=10872"},{"taxonomy":"product_tag","embeddable":true,"href":"https:\/\/shop.happydaysdairy.ca\/fr-ca\/wp-json\/wp\/v2\/product_tag?post=10872"}],"curies":[{"name":"wp","href":"https:\/\/api.w.org\/{rel}","templated":true}]}}